{"id":105,"date":"2015-03-10T10:49:32","date_gmt":"2015-03-10T09:49:32","guid":{"rendered":"http:\/\/test.arkitech.it\/?page_id=105"},"modified":"2015-03-17T17:15:11","modified_gmt":"2015-03-17T16:15:11","slug":"voip","status":"publish","type":"page","link":"https:\/\/www.arkitech.it\/?page_id=105","title":{"rendered":"Telefonia Voip"},"content":{"rendered":"<div class=\"capitoletto\">\n<h3><img decoding=\"async\" src=\"wp-content\/uploads\/2015\/03\/b09.svg\" alt=\"\" \/>Askozia<\/h3>\n<p><strong>ARKItech.it<\/strong> installa e configura centralini per la gestione della telefonia fissa.<br \/>\nSiamo rivenditori autorizzati <a href=\"http:\/\/www.askozia.com\" target=\"_blank\">Askozia\u00ae<\/a>, un PBX software basato su Asterisk che unisce stabilit\u00e0 e capacit\u00e0 di gestire con semplicit\u00e0 piani di chiamata o ricezione complessi.<br \/>\n<img loading=\"lazy\" decoding=\"async\" src=\"wp-content\/uploads\/2015\/03\/askozia.png\" alt=\"logo\" width=\"212\" height=\"64\" \/><\/p>\n<\/div>\n<div class=\"capitoletto\">\n<h3><img decoding=\"async\" src=\"wp-content\/uploads\/2015\/03\/b11.svg\" alt=\"\" \/>ISDN \/ PSTN<\/h3>\n<p>Askozia gestisce sia linee SIP VOIP che linee legacy ISDN\/PSTN. Normali schede per architettura x86 (quella in uso sulla maggior parte dei pc e dei server in ambito aziendale) possono gestire le vostre linee esistenti.<\/p>\n<\/div>\n<div class=\"capitoletto\">\n<h3><img decoding=\"async\" src=\"wp-content\/uploads\/2015\/03\/b10.svg\" alt=\"\" \/>Virtualizzazione<\/h3>\n<p>Sia nel caso di PBX con linee ISDN\/ PSTN che nel caso di PBX solo VOIP \u00e8 possibile virtualizzare il centralino sulla vostra infrastruttura esistente, senza ricorrere ad hardware dedicato e approfittando del divario prestazionale tra i classici server host di macchine virtuali e i sistemi embedded tipici dei centralini hardware. Il vostro nuovo centralino potrebbe essere una semplice scheda aggiuntiva in uno dei vostri attuali server aziendali.<\/p>\n<\/div>\n<div class=\"capitoletto\">\n<h3><img decoding=\"async\" src=\"wp-content\/uploads\/2015\/03\/b12.svg\" alt=\"\" \/>Sistemi aperti<\/h3>\n<p>Utilizziamo solo telefoni in standard SIP, senza blocchi e dipendenze rispetto al PBX in uso. L&#8217;investimento \u00e8 protetto dalla possibilit\u00e0 di riutilizzare lo stesso parco estensioni con qualunque altro PBX che utilizzi protocolli standard.<\/p>\n<\/div>\n","protected":false},"excerpt":{"rendered":"<p>Askozia ARKItech.it installa e configura centralini per la gestione della telefonia fissa. Siamo rivenditori autorizzati Askozia\u00ae, un PBX software basato su Asterisk che unisce stabilit\u00e0 e capacit\u00e0 di gestire con semplicit\u00e0 piani di chiamata o ricezione complessi. ISDN \/ PSTN Askozia gestisce sia linee SIP VOIP che linee legacy ISDN\/PSTN. Normali schede per architettura x86 [&hellip;]<\/p>\n","protected":false},"author":1,"featured_media":0,"parent":0,"menu_order":0,"comment_status":"closed","ping_status":"closed","template":"","meta":{"footnotes":""},"class_list":["post-105","page","type-page","status-publish","hentry"],"_links":{"self":[{"href":"https:\/\/www.arkitech.it\/index.php?rest_route=\/wp\/v2\/pages\/105","targetHints":{"allow":["GET"]}}],"collection":[{"href":"https:\/\/www.arkitech.it\/index.php?rest_route=\/wp\/v2\/pages"}],"about":[{"href":"https:\/\/www.arkitech.it\/index.php?rest_route=\/wp\/v2\/types\/page"}],"author":[{"embeddable":true,"href":"https:\/\/www.arkitech.it\/index.php?rest_route=\/wp\/v2\/users\/1"}],"replies":[{"embeddable":true,"href":"https:\/\/www.arkitech.it\/index.php?rest_route=%2Fwp%2Fv2%2Fcomments&post=105"}],"version-history":[{"count":21,"href":"https:\/\/www.arkitech.it\/index.php?rest_route=\/wp\/v2\/pages\/105\/revisions"}],"predecessor-version":[{"id":299,"href":"https:\/\/www.arkitech.it\/index.php?rest_route=\/wp\/v2\/pages\/105\/revisions\/299"}],"wp:attachment":[{"href":"https:\/\/www.arkitech.it\/index.php?rest_route=%2Fwp%2Fv2%2Fmedia&parent=105"}],"curies":[{"name":"wp","href":"https:\/\/api.w.org\/{rel}","templated":true}]}}